{"id":1549,"date":"2022-08-04T17:40:53","date_gmt":"2022-08-04T15:40:53","guid":{"rendered":"https:\/\/markusfstrieder.com\/?page_id=1549"},"modified":"2022-08-04T17:49:13","modified_gmt":"2022-08-04T15:49:13","slug":"mentions-legales","status":"publish","type":"page","link":"https:\/\/markusfstrieder.com\/en\/mentions-legales\/","title":{"rendered":"Mentions l\u00e9gales"},"content":{"rendered":"<div id=\":3cz\" class=\"Ar Au Ao\">\n<div id=\":3cv\" class=\"Am Al editable LW-avf tS-tW tS-tY\" tabindex=\"1\" role=\"textbox\" contenteditable=\"true\" spellcheck=\"false\" aria-label=\"Corps du message\" aria-multiline=\"true\" aria-owns=\":3ft\" aria-controls=\":3ft\">\n<div class=\"gmail_default\"><strong>1. Pr\u00e9sentation du site<\/strong><br \/>\nEn vertu de l\u2019article 6 de la loi n\u00b0 2004-575 du 21 juin 2004 pour la confiance dans l\u2019\u00e9conomie num\u00e9rique, il est pr\u00e9cis\u00e9 aux utilisateurs du site www.markusfstrieder.com l\u2019identit\u00e9 des diff\u00e9rents intervenants dans le cadre de sa r\u00e9alisation et de son suivi<\/div>\n<div class=\"gmail_default\"><strong>Propri\u00e9taire<\/strong> : Markus F. Strieder \u2013 N\u00b0 siren : 411 640 543 \u2013 2 chemin des tissages \u2013 42220 Saint Julien Molin Molette<br \/>\n<strong>Responsable publication<\/strong> : Markus F Strieder<br \/>\n<strong>Cr\u00e9ation du site &amp; Webmaster<\/strong> : adrenalink &amp; ACA Multim\u00e9dia<br \/>\n<strong>H\u00e9bergeur<\/strong> : OVH, SAS au capital de 10 069 020 \u20ac \u2013 RCS Lille M\u00e9tropole 424 761 419 00045 \u2013 Code APE 2620Z \u2013 N\u00b0 TVA : FR 22 424 761 419<br \/>\nSi\u00e8ge social : 2 rue Kellermann \u2013 59100 Roubaix \u2013 France.<\/div>\n<div><\/div>\n<div class=\"gmail_default\">\n<p><strong>2. Conditions g\u00e9n\u00e9rales d\u2019utilisation du site et des services propos\u00e9s<\/strong><\/p>\n<p>L\u2019utilisation du site www.markusfstrieder.com implique l\u2019acceptation pleine et enti\u00e8re des conditions g\u00e9n\u00e9rales d\u2019utilisation ci-apr\u00e8s d\u00e9crites. Ces conditions d\u2019utilisation sont susceptibles d\u2019\u00eatre modifi\u00e9es ou compl\u00e9t\u00e9es \u00e0 tout moment, les utilisateurs du site sont donc invit\u00e9s \u00e0 les consulter de mani\u00e8re r\u00e9guli\u00e8re.<\/p>\n<p>Ce site est normalement accessible \u00e0 tout moment aux utilisateurs. Une interruption pour raison de maintenance technique peut \u00eatre toutefois d\u00e9cid\u00e9e par Markus F.Strieder, qui s\u2019efforcera alors de communiquer pr\u00e9alablement aux utilisateurs les dates et heures de l\u2019intervention. Le site www.markusfstrieder.com est mis \u00e0 jour r\u00e9guli\u00e8rement par Markus F. Strieder. De la m\u00eame fa\u00e7on, les mentions l\u00e9gales peuvent \u00eatre modifi\u00e9es \u00e0 tout moment : elles s\u2019imposent n\u00e9anmoins \u00e0 l\u2019utilisateur qui est invit\u00e9 \u00e0 s\u2019y r\u00e9f\u00e9rer le plus souvent possible afin d\u2019en prendre connaissance.<\/p>\n<\/div>\n<div class=\"gmail_default\"><strong>3. Description des services fournis<\/strong><br \/>\nLe site www.markusfstrieder.com a pour objet de fournir une information concernant l\u2019activit\u00e9 de Markus F. Strieder. Markus F. Strieder s\u2019efforce de fournir sur le site www.markusfstrieder.com des informations aussi pr\u00e9cises que possible. Toutefois, il ne pourra \u00eatre tenu responsable des omissions, des inexactitudes et des carences dans la mise \u00e0 jour, qu\u2019elles soient de son fait ou du fait des tiers partenaires qui lui fournissent ces informations. Tous les informations indiqu\u00e9es sur le site www.markusfstrieder.com sont donn\u00e9es \u00e0 titre indicatif, et sont susceptibles d\u2019\u00e9voluer. Par ailleurs, les renseignements figurant sur le site ne sont pas exhaustifs. Ils sont donn\u00e9s sous r\u00e9serve de modifications ayant \u00e9t\u00e9 apport\u00e9es depuis leur mise en ligne.<\/div>\n<div><\/div>\n<div class=\"gmail_default\"><strong>4. Limitations contractuelles sur les donn\u00e9es techniques<\/strong><br \/>\nLe site Internet ne pourra \u00eatre tenu responsable de dommages mat\u00e9riels li\u00e9s \u00e0 l\u2019utilisation du site. De plus, l\u2019utilisateur du site s\u2019engage \u00e0 acc\u00e9der au site en utilisant un mat\u00e9riel r\u00e9cent, ne contenant pas de virus et avec un navigateur de derni\u00e8re g\u00e9n\u00e9ration mis-\u00e0-jour.<\/div>\n<div><\/div>\n<div class=\"gmail_default\"><strong>5. Propri\u00e9t\u00e9 intellectuelle et contrefa\u00e7ons<\/strong><br \/>\nMarkus F. Strieder est propri\u00e9taire des droits de propri\u00e9t\u00e9 intellectuelle ou d\u00e9tient les droits d\u2019usage sur tous les \u00e9l\u00e9ments accessibles sur le site, notamment les textes, images, graphismes, logo, ic\u00f4nes, sons, logiciels. Toute reproduction, repr\u00e9sentation, modification, publication, adaptation de tout ou partie des \u00e9l\u00e9ments du site, quel que soit le moyen ou le proc\u00e9d\u00e9 utilis\u00e9, est interdite, sauf autorisation \u00e9crite pr\u00e9alable de Markus F. Strieder. Toute exploitation non autoris\u00e9e du site ou de l\u2019un quelconque des \u00e9l\u00e9ments qu\u2019il contient sera consid\u00e9r\u00e9e comme constitutive d\u2019une contrefa\u00e7on et poursuivie conform\u00e9ment aux dispositions des articles L.335-2 et suivants du Code de Propri\u00e9t\u00e9 Intellectuelle.<strong>6. Cr\u00e9dits photo<\/strong><br \/>\nCHIRAT \\ 2019-2013 : Yves Bresson ; LIGNES \\ KUNSTVEREIN, 2012 REUTLINGEN (A) : Frank Kleinbach ; PAYSAGES \\ PAYSAGE, 2011 \\ PAYSAGE DEVANT, 2012 : Frank Kleinbach ; MON\u00c1S \\ MONADE, 2012 \\ S INS\u00c9PARABLES, 2008 : Frank Kleinbach \\ B+KUB, 2020 : Philippe Nombret ; BABYLON \\ \u00abHOMME\u00bb, 2019 : Philippe Nombret ; STRATES \\ STRATE, 2012 : Philippe Nombret ; ETUDES \\ SPINNING CUBE, 2015 : Philippe Nombret \\ POLYEDRES, 2009-2010 : Frank Kleinbach ;<br \/>\nTOUPIES \\ TOUPIE POINTUE, 2012 \\ TOUPIE DERVICHE, 2012 \\ TOUPIE ROMAINE, 2011: Frank Kleinbach ; DESSINS \\ KRISTALIN, 2015 : Philippe Nombret.<\/p>\n<\/div>\n<div><\/div>\n<div class=\"gmail_default\"><strong>7. Limitations de responsabilit\u00e9<\/strong><br \/>\nMarkus F. Strieder ne pourra \u00eatre tenu responsable des dommages directs et indirects caus\u00e9s au mat\u00e9riel de l\u2019utilisateur, lors de l\u2019acc\u00e8s au site www.markusfstrieder.com, et r\u00e9sultant soit de l\u2019utilisation d\u2019un mat\u00e9riel ne r\u00e9pondant pas aux sp\u00e9cifications indiqu\u00e9es au point 4, soit de l\u2019apparition d\u2019un bug ou d\u2019une incompatibilit\u00e9. Markus F. Strieder ne pourra \u00e9galement \u00eatre tenu responsable des dommages indirects (tels par exemple qu\u2019une perte de march\u00e9 ou perte d\u2019une chance) cons\u00e9cutifs \u00e0<br \/>\nl\u2019utilisation du site www.markusfstrieder.com.<\/p>\n<\/div>\n<div class=\"gmail_default\"><strong>8. Gestion des donn\u00e9es personnelles.<\/strong><br \/>\nEn France, les donn\u00e9es personnelles sont notamment prot\u00e9g\u00e9es par la loi n\u00b0 78-87 du 6 janvier 1978, la loi n\u00b0 2004-801 du 6 ao\u00fbt 2004, l\u2019article L. 226-13 du Code p\u00e9nal et la Directive Europ\u00e9enne du 24 octobre 1995. En tout \u00e9tat de cause, Markus F. Strieder ne collecte pas des informations personnelles relatives \u00e0 l\u2019utilisateur. Aucune information personnelle de l\u2019utilisateur du site www.markusfstrieder.com n\u2019est collect\u00e9e ou publi\u00e9e \u00e0 l\u2019insu de l\u2019utilisateur, \u00e9chang\u00e9e, transf\u00e9r\u00e9e, c\u00e9d\u00e9e ou vendue sur un support quelconque \u00e0 des tiers. Le site n\u2019est pas d\u00e9clar\u00e9 \u00e0 la CNIL car il ne recueille pas d\u2019informations personnelles.<\/div>\n<div><\/div>\n<div class=\"gmail_default\">\n<p><strong>9. Liens hypertextes et cookies.<br \/>\n<\/strong>Le site www.markusfstrieder.com contient un certain nombre de liens hypertextes vers d\u2019autres sites, mis en place avec l\u2019autorisation de Markus F. Strieder. Cependant, Markus F. Strieder n\u2019a pas la possibilit\u00e9 de v\u00e9rifier le contenu des sites ainsi visit\u00e9s, et n\u2019assumera en cons\u00e9quence aucune responsabilit\u00e9 de ce fait.<\/p>\n<p>La navigation sur le site www.markusfstrieder.com est susceptible de provoquer l\u2019installation de cookie(s) sur l\u2019ordinateur de l\u2019utilisateur. Un cookie est un fichier de petite taille, qui ne permet pas l\u2019identification de l\u2019utilisateur, mais qui enregistre des informations relatives \u00e0 la navigation d\u2019un ordinateur sur un site. Les donn\u00e9es ainsi obtenues visent \u00e0 faciliter la navigation ult\u00e9rieure sur le site, et ont \u00e9galement vocation \u00e0 permettre diverses mesures de fr\u00e9quentation.<\/p>\n<p>Le refus d\u2019installation d\u2019un cookie peut entra\u00eener l\u2019impossibilit\u00e9 d\u2019acc\u00e9der \u00e0 certains services. L\u2019utilisateur peut toutefois configurer son ordinateur de la mani\u00e8re suivante, pour refuser l\u2019installation des cookies :<\/p>\n<p>\u2013 Sous Internet Explorer : onglet outil (pictogramme en forme de rouage en haut a droite) \/ options internet. Cliquez sur Confidentialit\u00e9 et choisissez Bloquer tous les<br \/>\ncookies. Validez sur Ok.<br \/>\n\u2013 Sous Firefox : en haut de la fen\u00eatre du navigateur, cliquez sur le bouton Firefox, puis aller dans l\u2019onglet Options. Cliquer sur l\u2019onglet Vie priv\u00e9e. Param\u00e9trez les R\u00e8gles<br \/>\nde conservation sur : utiliser les param\u00e8tres personnalis\u00e9s pour l\u2019historique. Enfin d\u00e9cochez-la pour d\u00e9sactiver les cookies.<br \/>\n\u2013 Sous Safari : Cliquez en haut \u00e0 droite du navigateur sur le pictogramme de menu (symbolis\u00e9 par un rouage). S\u00e9lectionnez Param\u00e8tres. Cliquez sur Afficher les para-<br \/>\nm\u00e8tres avanc\u00e9s. Dans la section \u00ab Confidentialit\u00e9 \u00bb, cliquez sur Param\u00e8tres de contenu. Dans la section \u00ab Cookies \u00bb, vous pouvez bloquer les cookies.<br \/>\n\u2013 Sous Chrome : Cliquez en haut \u00e0 droite du navigateur sur le pictogramme de menu (symbolis\u00e9 par trois lignes horizontales). S\u00e9lectionnez Param\u00e8tres. Cliquez sur<br \/>\nAfficher les param\u00e8tres avanc\u00e9s. Dans la section \u00ab Confidentialit\u00e9 \u00bb, cliquez sur pr\u00e9f\u00e9rences. Dans l\u2019onglet \u00ab Confidentialit\u00e9 \u00bb, vous pouvez bloquer les cookies.<\/p>\n<\/div>\n<div class=\"gmail_default\"><strong>10. Droit applicable et attribution de juridiction.<\/strong><br \/>\nTout litige en relation avec l\u2019utilisation du site www.markusfstrieder.com est soumis au droit fran\u00e7ais. Il est fait attribution exclusive de juridiction aux tribunaux comp\u00e9-<br \/>\ntents de Lyon.<\/div>\n<div><\/div>\n<div class=\"gmail_default\"><strong>11. Les principales lois concern\u00e9es.<\/strong><br \/>\n\u2013 Loi n\u00b0 78-17 du 6 janvier 1978, notamment modifi\u00e9e par la loi n\u00b0 2004-801 du 6 ao\u00fbt 2004 relative \u00e0 l\u2019informatique, aux fichiers et aux libert\u00e9s.<br \/>\n\u2013 Loi n\u00b0 2004-575 du 21 juin 2004 pour la confiance dans l\u2019\u00e9conomie num\u00e9rique.<\/div>\n<div class=\"gmail_default\"><strong>12. Lexique.<\/strong><br \/>\nUtilisateur : Internaute se connectant, utilisant le site susnomm\u00e9.<br \/>\nInformations personnelles : \u00ab les informations qui permettent, sous quelque forme que ce soit, directement ou non, l\u2019identification des personnes physiques auxquelles elles s\u2019appliquent \u00bb (article 4 de la loi n\u00b0 78-17 du 6 janvier 1978).<\/div>\n<div>\n<div class=\"gmail_signature\" dir=\"ltr\" data-smartmail=\"gmail_signature\">\n<div dir=\"ltr\">\n<div>\n<div dir=\"ltr\"><\/div>\n<\/div>\n<\/div>\n<\/div>\n<\/div>\n<\/div>\n<\/div>\n<!--themify_builder_content-->\n<div id=\"themify_builder_content-1549\" data-postid=\"1549\" class=\"themify_builder_content themify_builder_content-1549 themify_builder tf_clear\">\n    <\/div>\n<!--\/themify_builder_content-->","protected":false},"excerpt":{"rendered":"<p>1. Pr\u00e9sentation du site En vertu de l\u2019article 6 de la loi n\u00b0 2004-575 du 21 juin 2004 pour la confiance dans l\u2019\u00e9conomie num\u00e9rique, il est pr\u00e9cis\u00e9 aux utilisateurs du site www.markusfstrieder.com l\u2019identit\u00e9 des diff\u00e9rents [&hellip;]<\/p>\n","protected":false},"author":1,"featured_media":0,"parent":0,"menu_order":0,"comment_status":"closed","ping_status":"closed","template":"","meta":{"footnotes":""},"class_list":["post-1549","page","type-page","status-publish","hentry"],"_links":{"self":[{"href":"https:\/\/markusfstrieder.com\/en\/wp-json\/wp\/v2\/pages\/1549","targetHints":{"allow":["GET"]}}],"collection":[{"href":"https:\/\/markusfstrieder.com\/en\/wp-json\/wp\/v2\/pages"}],"about":[{"href":"https:\/\/markusfstrieder.com\/en\/wp-json\/wp\/v2\/types\/page"}],"author":[{"embeddable":true,"href":"https:\/\/markusfstrieder.com\/en\/wp-json\/wp\/v2\/users\/1"}],"replies":[{"embeddable":true,"href":"https:\/\/markusfstrieder.com\/en\/wp-json\/wp\/v2\/comments?post=1549"}],"version-history":[{"count":17,"href":"https:\/\/markusfstrieder.com\/en\/wp-json\/wp\/v2\/pages\/1549\/revisions"}],"predecessor-version":[{"id":1566,"href":"https:\/\/markusfstrieder.com\/en\/wp-json\/wp\/v2\/pages\/1549\/revisions\/1566"}],"wp:attachment":[{"href":"https:\/\/markusfstrieder.com\/en\/wp-json\/wp\/v2\/media?parent=1549"}],"curies":[{"name":"wp","href":"https:\/\/api.w.org\/{rel}","templated":true}]}}